{"id":15430,"date":"2022-05-05T14:19:28","date_gmt":"2022-05-05T12:19:28","guid":{"rendered":"https:\/\/www.isoleborromee.com\/contatti\/"},"modified":"2022-06-09T11:33:05","modified_gmt":"2022-06-09T09:33:05","slug":"contactos","status":"publish","type":"page","link":"https:\/\/www.isoleborromee.com\/es\/contactos\/","title":{"rendered":"Contactos"},"content":{"rendered":"\t\t<div data-elementor-type=\"wp-page\" data-elementor-id=\"15430\" class=\"elementor elementor-15430 elementor-13143\">\n\t\t\t\t\t\t\t\t\t<section class=\"elementor-section elementor-top-section elementor-element elementor-element-f559e1c elementor-section-full_width qodef-elementor-content-grid elementor-section-height-default elementor-section-height-default\" data-id=\"f559e1c\" data-element_type=\"section\">\n\t\t\t\t\t\t<div class=\"elementor-container elementor-column-gap-default\">\n\t\t\t\t\t<div class=\"elementor-column elementor-col-100 elementor-top-column elementor-element elementor-element-6e154b2\" data-id=\"6e154b2\" data-element_type=\"column\">\n\t\t\t<div class=\"elementor-widget-wrap elementor-element-populated\">\n\t\t\t\t\t\t\t\t<div class=\"elementor-element elementor-element-032b9e6 elementor-widget elementor-widget-valiance_core_section_title\" data-id=\"032b9e6\" data-element_type=\"widget\" data-widget_type=\"valiance_core_section_title.default\">\n\t\t\t\t<div class=\"elementor-widget-container\">\n\t\t\t<div class=\"qodef-shortcode qodef-m  qodef-section-title qodef-alignment--left  \">\n\t\t<p class=\"qodef-m-subtitle\" style=\"margin-bottom: 10px\">Contacta con nuestro equipo<\/p>\n\t\t<h1 class=\"qodef-m-title\" >\n\t\t\t\t\tConsorcio de Conductores de Embarcaciones de las islas Borromeas\t\t\t<\/h1>\n\t<\/div>\n\t\t<\/div>\n\t\t\t\t<\/div>\n\t\t\t\t<div class=\"elementor-element elementor-element-c95882f elementor-widget elementor-widget-spacer\" data-id=\"c95882f\" data-element_type=\"widget\" data-widget_type=\"spacer.default\">\n\t\t\t\t<div class=\"elementor-widget-container\">\n\t\t\t<style>\/*! elementor - v3.6.6 - 08-06-2022 *\/\n.e-container.e-container--row .elementor-spacer-inner{width:var(--spacer-size)}.e-container.e-container--column .elementor-spacer-inner,.elementor-column .elementor-spacer-inner{height:var(--spacer-size)}<\/style>\t\t<div class=\"elementor-spacer\">\n\t\t\t<div class=\"elementor-spacer-inner\"><\/div>\n\t\t<\/div>\n\t\t\t\t<\/div>\n\t\t\t\t<\/div>\n\t\t\t\t<div class=\"elementor-element elementor-element-699845d elementor-widget elementor-widget-text-editor\" data-id=\"699845d\" data-element_type=\"widget\" data-widget_type=\"text-editor.default\">\n\t\t\t\t<div class=\"elementor-widget-container\">\n\t\t\t<style>\/*! elementor - v3.6.6 - 08-06-2022 *\/\n.elementor-widget-text-editor.elementor-drop-cap-view-stacked .elementor-drop-cap{background-color:#818a91;color:#fff}.elementor-widget-text-editor.elementor-drop-cap-view-framed .elementor-drop-cap{color:#818a91;border:3px solid;background-color:transparent}.elementor-widget-text-editor:not(.elementor-drop-cap-view-default) .elementor-drop-cap{margin-top:8px}.elementor-widget-text-editor:not(.elementor-drop-cap-view-default) .elementor-drop-cap-letter{width:1em;height:1em}.elementor-widget-text-editor .elementor-drop-cap{float:left;text-align:center;line-height:1;font-size:50px}.elementor-widget-text-editor .elementor-drop-cap-letter{display:inline-block}<\/style>\t\t\t\t<p>Nos pueden encontrar en la localidad del Lido de Carciano (en la plaza en frente al funicular Stresa-Mottarone).<\/p><p>Previa solicitud, podemos embarcar pasajeros en todos los lugares con vista a la cuenca italiana del lago Maggiore.<\/p>\t\t\t\t\t\t<\/div>\n\t\t\t\t<\/div>\n\t\t\t\t<section class=\"elementor-section elementor-inner-section elementor-element elementor-element-37efe88 elementor-section-full_width elementor-section-height-default elementor-section-height-default qodef-elementor-content-no\" data-id=\"37efe88\" data-element_type=\"section\">\n\t\t\t\t\t\t<div class=\"elementor-container elementor-column-gap-default\">\n\t\t\t\t\t<div class=\"elementor-column elementor-col-33 elementor-inner-column elementor-element elementor-element-fc528ef\" data-id=\"fc528ef\" data-element_type=\"column\">\n\t\t\t<div class=\"elementor-widget-wrap elementor-element-populated\">\n\t\t\t\t\t\t\t\t<div class=\"elementor-element elementor-element-633e7f6 elementor-widget elementor-widget-valiance_core_section_title\" data-id=\"633e7f6\" data-element_type=\"widget\" data-widget_type=\"valiance_core_section_title.default\">\n\t\t\t\t<div class=\"elementor-widget-container\">\n\t\t\t<div class=\"qodef-shortcode qodef-m  qodef-section-title qodef-alignment--left  \">\n\t\t<p class=\"qodef-m-subtitle\" >ENCUENTRANOS AQUI<\/p>\n\t\t<\/div>\n\t\t<\/div>\n\t\t\t\t<\/div>\n\t\t\t\t<div class=\"elementor-element elementor-element-763401d elementor-widget elementor-widget-text-editor\" data-id=\"763401d\" data-element_type=\"widget\" data-widget_type=\"text-editor.default\">\n\t\t\t\t<div class=\"elementor-widget-container\">\n\t\t\t\t\t\t\t<p>Piazzale Lido<br \/>28838 STRESA (VB)<\/p>\t\t\t\t\t\t<\/div>\n\t\t\t\t<\/div>\n\t\t\t\t<div class=\"elementor-element elementor-element-326c792 elementor-widget elementor-widget-qi_addons_for_elementor_button\" data-id=\"326c792\" data-element_type=\"widget\" data-widget_type=\"qi_addons_for_elementor_button.default\">\n\t\t\t\t<div class=\"elementor-widget-container\">\n\t\t\t<a class=\"qodef-shortcode qodef-m  qodef-qi-button qodef-html--link qodef-layout--textual    qodef-icon--left qodef-hover--icon-move-horizontal-short     \" href=\"https:\/\/www.google.com\/maps\/place\/Consorzio+Motoscafisti+Isole+Borromee\/@45.8907143,8.5249264,20.5z\/data=!4m13!1m7!3m6!1s0x47867580027c647f:0x59599df2a4b9ba95!2sPiazzale+Lido,+28838+Stresa+VB!3b1!8m2!3d45.8906724!4d8.5250724!3m4!1s0x4785df0c8dda15b5:0x11cc1380b1058e3!8m2!3d45.8907797!4d8.5252349\" target=\"_blank\">\n\t<span class=\"qodef-m-text\">Indicaciones<\/span>\n\t\t<span class=\"qodef-m-icon \">\n\t\t<span class=\"qodef-m-icon-inner\">\n\t\t\t<i aria-hidden=\"true\" class=\"fas fa-street-view\"><\/i>\t\t\t\t\t<\/span>\n\t<\/span>\n<\/a>\n\t\t<\/div>\n\t\t\t\t<\/div>\n\t\t\t\t\t<\/div>\n\t\t<\/div>\n\t\t\t\t<div class=\"elementor-column elementor-col-33 elementor-inner-column elementor-element elementor-element-19877e5\" data-id=\"19877e5\" data-element_type=\"column\">\n\t\t\t<div class=\"elementor-widget-wrap elementor-element-populated\">\n\t\t\t\t\t\t\t\t<div class=\"elementor-element elementor-element-c69f7c9 elementor-widget elementor-widget-valiance_core_section_title\" data-id=\"c69f7c9\" data-element_type=\"widget\" data-widget_type=\"valiance_core_section_title.default\">\n\t\t\t\t<div class=\"elementor-widget-container\">\n\t\t\t<div class=\"qodef-shortcode qodef-m  qodef-section-title qodef-alignment--left  \">\n\t\t<p class=\"qodef-m-subtitle\" >E-MAIL<\/p>\n\t\t<\/div>\n\t\t<\/div>\n\t\t\t\t<\/div>\n\t\t\t\t<div class=\"elementor-element elementor-element-ffbd1a2 elementor-widget elementor-widget-text-editor\" data-id=\"ffbd1a2\" data-element_type=\"widget\" data-widget_type=\"text-editor.default\">\n\t\t\t\t<div class=\"elementor-widget-container\">\n\t\t\t\t\t\t\t<p><a href=\"mailto:info@isoleborromee.com\">info@isoleborromee.com<\/a><\/p>\t\t\t\t\t\t<\/div>\n\t\t\t\t<\/div>\n\t\t\t\t\t<\/div>\n\t\t<\/div>\n\t\t\t\t<div class=\"elementor-column elementor-col-33 elementor-inner-column elementor-element elementor-element-8534dd6\" data-id=\"8534dd6\" data-element_type=\"column\">\n\t\t\t<div class=\"elementor-widget-wrap elementor-element-populated\">\n\t\t\t\t\t\t\t\t<div class=\"elementor-element elementor-element-173fc03 elementor-widget elementor-widget-valiance_core_section_title\" data-id=\"173fc03\" data-element_type=\"widget\" data-widget_type=\"valiance_core_section_title.default\">\n\t\t\t\t<div class=\"elementor-widget-container\">\n\t\t\t<div class=\"qodef-shortcode qodef-m  qodef-section-title qodef-alignment--left  \">\n\t\t<p class=\"qodef-m-subtitle\" >PARA INFORMACI\u00d3N<\/p>\n\t\t<\/div>\n\t\t<\/div>\n\t\t\t\t<\/div>\n\t\t\t\t<div class=\"elementor-element elementor-element-9178560 elementor-widget elementor-widget-text-editor\" data-id=\"9178560\" data-element_type=\"widget\" data-widget_type=\"text-editor.default\">\n\t\t\t\t<div class=\"elementor-widget-container\">\n\t\t\t\t\t\t\t<p>Servicio activo de 9.00 a 18.00<\/p>\t\t\t\t\t\t<\/div>\n\t\t\t\t<\/div>\n\t\t\t\t<div class=\"elementor-element elementor-element-c2bd361 elementor-widget elementor-widget-qi_addons_for_elementor_button\" data-id=\"c2bd361\" data-element_type=\"widget\" data-widget_type=\"qi_addons_for_elementor_button.default\">\n\t\t\t\t<div class=\"elementor-widget-container\">\n\t\t\t<a class=\"qodef-shortcode qodef-m  qodef-qi-button qodef-html--link qodef-layout--textual    qodef-icon--left qodef-hover--icon-move-horizontal-short     \" href=\"tel:0039032331358\" target=\"_blank\">\n\t<span class=\"qodef-m-text\">+39 0323 31358<\/span>\n\t\t<span class=\"qodef-m-icon \">\n\t\t<span class=\"qodef-m-icon-inner\">\n\t\t\t<i aria-hidden=\"true\" class=\"fas fa-phone-alt\"><\/i>\t\t\t\t\t<\/span>\n\t<\/span>\n<\/a>\n\t\t<\/div>\n\t\t\t\t<\/div>\n\t\t\t\t\t<\/div>\n\t\t<\/div>\n\t\t\t\t\t\t\t<\/div>\n\t\t<\/section>\n\t\t\t\t\t<\/div>\n\t\t<\/div>\n\t\t\t\t\t\t\t<\/div>\n\t\t<\/section>\n\t\t\t\t<section class=\"elementor-section elementor-top-section elementor-element elementor-element-02209a9 elementor-section-full_width elementor-section-height-default elementor-section-height-default qodef-elementor-content-no\" data-id=\"02209a9\" data-element_type=\"section\">\n\t\t\t\t\t\t<div class=\"elementor-container elementor-column-gap-default\">\n\t\t\t\t\t<div class=\"elementor-column elementor-col-50 elementor-top-column elementor-element elementor-element-fc556b2\" data-id=\"fc556b2\" data-element_type=\"column\" data-settings=\"{&quot;background_background&quot;:&quot;classic&quot;}\">\n\t\t\t<div class=\"elementor-widget-wrap elementor-element-populated\">\n\t\t\t\t\t\t\t\t<div class=\"elementor-element elementor-element-a419396 elementor-widget elementor-widget-google_maps\" data-id=\"a419396\" data-element_type=\"widget\" data-widget_type=\"google_maps.default\">\n\t\t\t\t<div class=\"elementor-widget-container\">\n\t\t\t<style>\/*! elementor - v3.6.6 - 08-06-2022 *\/\n.elementor-widget-google_maps .elementor-widget-container{overflow:hidden}.elementor-widget-google_maps iframe{height:300px}<\/style>\t\t<div class=\"elementor-custom-embed\">\n\t\t\t<iframe frameborder=\"0\" scrolling=\"no\" marginheight=\"0\" marginwidth=\"0\"\n\t\t\t\t\tsrc=\"https:\/\/maps.google.com\/maps?q=Piazzale%20Lido%2028838%20STRESA%20%28VB%29&#038;t=m&#038;z=14&#038;output=embed&#038;iwloc=near\"\n\t\t\t\t\ttitle=\"Piazzale Lido 28838 STRESA (VB)\"\n\t\t\t\t\taria-label=\"Piazzale Lido 28838 STRESA (VB)\"\n\t\t\t><\/iframe>\n\t\t<\/div>\n\t\t\t\t<\/div>\n\t\t\t\t<\/div>\n\t\t\t\t\t<\/div>\n\t\t<\/div>\n\t\t\t\t<div class=\"elementor-column elementor-col-50 elementor-top-column elementor-element elementor-element-17410fa\" data-id=\"17410fa\" data-element_type=\"column\" data-settings=\"{&quot;background_background&quot;:&quot;classic&quot;}\">\n\t\t\t<div class=\"elementor-widget-wrap elementor-element-populated\">\n\t\t\t\t\t\t\t\t<div class=\"elementor-element elementor-element-1f88825 elementor-widget elementor-widget-valiance_core_section_title\" data-id=\"1f88825\" data-element_type=\"widget\" data-widget_type=\"valiance_core_section_title.default\">\n\t\t\t\t<div class=\"elementor-widget-container\">\n\t\t\t<div class=\"qodef-shortcode qodef-m  qodef-section-title qodef-alignment--left  \">\n\t\t<p class=\"qodef-m-subtitle\" >SOLICITUD DE INFORMACI\u00d3N<\/p>\n\t\t<h3 class=\"qodef-m-title\" >\n\t\t\t\t\tRellena el formulario para solicitar informaci\u00f3n\t\t\t<\/h3>\n\t<\/div>\n\t\t<\/div>\n\t\t\t\t<\/div>\n\t\t\t\t<div class=\"elementor-element elementor-element-b0f4b40 elementor-widget elementor-widget-wp-widget-valiance_core_contact_form_7\" data-id=\"b0f4b40\" data-element_type=\"widget\" data-widget_type=\"wp-widget-valiance_core_contact_form_7.default\">\n\t\t\t\t<div class=\"elementor-widget-container\">\n\t\t\t\t\t\t<div class=\"qodef-contact-form-7\">\n\t\t\t\t<div role=\"form\" class=\"wpcf7\" id=\"wpcf7-f17873-o1\" lang=\"es-ES\" dir=\"ltr\">\n<div class=\"screen-reader-response\"><p role=\"status\" aria-live=\"polite\" aria-atomic=\"true\"><\/p> <ul><\/ul><\/div>\n<form action=\"\/es\/wp-json\/wp\/v2\/pages\/15430#wpcf7-f17873-o1\" method=\"post\" class=\"wpcf7-form init\" novalidate=\"novalidate\" data-status=\"init\">\n<div style=\"display: none;\">\n<input type=\"hidden\" name=\"_wpcf7\" value=\"17873\" \/>\n<input type=\"hidden\" name=\"_wpcf7_version\" value=\"5.5.6.1\" \/>\n<input type=\"hidden\" name=\"_wpcf7_locale\" value=\"es_ES\" \/>\n<input type=\"hidden\" name=\"_wpcf7_unit_tag\" value=\"wpcf7-f17873-o1\" \/>\n<input type=\"hidden\" name=\"_wpcf7_container_post\" value=\"0\" \/>\n<input type=\"hidden\" name=\"_wpcf7_posted_data_hash\" value=\"\" \/>\n<input type=\"hidden\" name=\"_wpcf7_recaptcha_response\" value=\"\" \/>\n<\/div>\n<div class=\"qodef-cf-default qodef-cf--light\">\n<span class=\"wpcf7-form-control-wrap your-name\"><input type=\"text\" name=\"your-name\" value=\"\" size=\"40\" class=\"wpcf7-form-control wpcf7-text wpcf7-validates-as-required\" aria-required=\"true\" aria-invalid=\"false\" placeholder=\"Nombre y apellido\" \/><\/span>\n<span class=\"wpcf7-form-control-wrap your-email\"><input type=\"email\" name=\"your-email\" value=\"\" size=\"40\" class=\"wpcf7-form-control wpcf7-text wpcf7-email wpcf7-validates-as-required wpcf7-validates-as-email\" aria-required=\"true\" aria-invalid=\"false\" placeholder=\"Email\" \/><\/span>\n<span class=\"wpcf7-form-control-wrap your-message\"><textarea name=\"your-message\" cols=\"40\" rows=\"10\" class=\"wpcf7-form-control wpcf7-textarea wpcf7-validates-as-required\" aria-required=\"true\" aria-invalid=\"false\" placeholder=\"Mensaje\"><\/textarea><\/span>\n<span class=\"wpcf7-form-control-wrap pprivacy\"><span class=\"wpcf7-form-control wpcf7-acceptance\"><span class=\"wpcf7-list-item\"><label><input type=\"checkbox\" name=\"pprivacy\" value=\"1\" aria-invalid=\"false\" \/><span class=\"wpcf7-list-item-label\">I declare to be informed in accordance with current European legislation (EU Regulation 2016\/679) as well as the Italian law (Legislative Decree No. 196\/2003 and subsequent amendments) and to accept the <a href=\"\/privacy-policy.pdf\" target=\"_blank\">privacy policy<\/a>.<\/span><\/label><\/span><\/span><\/span>\n<div class=\"qodef-cf-button\"><button type=\"submit\" class=\"wpcf7-form-control wpcf7-submit qodef-layout--filled qodef-button qodef-size--normal qodef-m\"><span class=\"qodef-m-text\">Enviar<\/span><span class=\"qodef-m-icon-arrow-wrapper\"><span class=\"qodef-m-icon-arrow qodef-m-icon-arrow1\"><svg  xmlns=\"http:\/\/www.w3.org\/2000\/svg\" width=\"26\" height=\"7\" viewBox=\"0 0 26 7\"><line x1=\"20\" transform=\"translate(0 3.5)\" fill=\"none\" stroke=\"#171717\" stroke-width=\"1\"\/><path d=\"M3.5,0,7,6H0Z\" transform=\"translate(26) rotate(90)\" fill=\"#171717\"\/><\/svg><\/span><span class=\"qodef-m-icon-arrow qodef-m-icon-arrow2\"><svg  xmlns=\"http:\/\/www.w3.org\/2000\/svg\" width=\"26\" height=\"7\" viewBox=\"0 0 26 7\"><line x1=\"20\" transform=\"translate(0 3.5)\" fill=\"none\" stroke=\"#171717\" stroke-width=\"1\"\/><path d=\"M3.5,0,7,6H0Z\" transform=\"translate(26) rotate(90)\" fill=\"#171717\"\/><\/svg><\/span><\/span><\/button><\/div>\n<\/div><div class=\"wpcf7-response-output\" aria-hidden=\"true\"><\/div><\/form><\/div>\t\t\t<\/div>\n\t\t\t\t\t<\/div>\n\t\t\t\t<\/div>\n\t\t\t\t\t<\/div>\n\t\t<\/div>\n\t\t\t\t\t\t\t<\/div>\n\t\t<\/section>\n\t\t\t\t\t\t\t<\/div>\n\t\t","protected":false},"excerpt":{"rendered":"<p>Contacta con nuestro equipo Consorcio de Conductores de Embarcaciones de las islas Borromeas Nos pueden encontrar en la localidad del Lido de Carciano (en la plaza en frente al funicular Stresa-Mottarone). Previa solicitud, podemos embarcar pasajeros en todos los lugares con vista a la cuenca italiana del lago Maggiore. ENCUENTRANOS AQUI Piazzale Lido28838 STRESA (VB) [&hellip;]<\/p>\n","protected":false},"author":1,"featured_media":0,"parent":0,"menu_order":0,"comment_status":"closed","ping_status":"closed","template":"page-full-width.php","meta":{"footnotes":""},"class_list":["post-15430","page","type-page","status-publish","hentry"],"yoast_head":"<!-- This site is optimized with the Yoast SEO plugin v19.0 - https:\/\/yoast.com\/wordpress\/plugins\/seo\/ -->\n<title>Contactos Consorcio de Conductores de Embarcaciones de las islas Borromeas, Stresa<\/title>\n<meta name=\"description\" content=\"P\u00f3ngase en contacto con nuestro equipo o rellena el formulario para solicitar informaci\u00f3n sobre nuestro servicio p\u00fablico de navegaci\u00f3n por el lago Maggiore\" \/>\n<meta name=\"robots\" content=\"index, follow, max-snippet:-1, max-image-preview:large, max-video-preview:-1\" \/>\n<link rel=\"canonical\" href=\"https:\/\/www.isoleborromee.com\/es\/contactos\/\" \/>\n<meta property=\"og:locale\" content=\"es_ES\" \/>\n<meta property=\"og:type\" content=\"article\" \/>\n<meta property=\"og:title\" content=\"Contactos Consorcio de Conductores de Embarcaciones de las islas Borromeas, Stresa\" \/>\n<meta property=\"og:description\" content=\"P\u00f3ngase en contacto con nuestro equipo o rellena el formulario para solicitar informaci\u00f3n sobre nuestro servicio p\u00fablico de navegaci\u00f3n por el lago Maggiore\" \/>\n<meta property=\"og:url\" content=\"https:\/\/www.isoleborromee.com\/es\/contactos\/\" \/>\n<meta property=\"og:site_name\" content=\"Consorzio Motoscafisti delle Isole Borromee\" \/>\n<meta property=\"article:publisher\" content=\"http:\/\/www.facebook.com\/NavigazioneIsoleBorromee\" \/>\n<meta property=\"article:modified_time\" content=\"2022-06-09T09:33:05+00:00\" \/>\n<meta name=\"twitter:card\" content=\"summary_large_image\" \/>\n<meta name=\"twitter:label1\" content=\"Tiempo de lectura\" \/>\n\t<meta name=\"twitter:data1\" content=\"1 minuto\" \/>\n<script type=\"application\/ld+json\" class=\"yoast-schema-graph\">{\"@context\":\"https:\/\/schema.org\",\"@graph\":[{\"@type\":\"Organization\",\"@id\":\"https:\/\/www.isoleborromee.com\/es\/#organization\",\"name\":\"Consorzio Motoscafisti Isole Borromee\",\"url\":\"https:\/\/www.isoleborromee.com\/es\/\",\"sameAs\":[\"http:\/\/www.youtube.com\/user\/ISOLEBORROMEE\",\"http:\/\/www.tripadvisor.it\/Attraction_Review-g187847-d3738748-Reviews-Navigazione_Isole_Borromee_e_Lago_Maggiore_Day_Tours-Stresa_Lake_Maggiore_Piedmon.html\",\"http:\/\/www.facebook.com\/NavigazioneIsoleBorromee\"],\"logo\":{\"@type\":\"ImageObject\",\"inLanguage\":\"es\",\"@id\":\"https:\/\/www.isoleborromee.com\/es\/#\/schema\/logo\/image\/\",\"url\":\"https:\/\/www.isoleborromee.com\/wp-content\/uploads\/2022\/04\/logo-isoleborromee.png\",\"contentUrl\":\"https:\/\/www.isoleborromee.com\/wp-content\/uploads\/2022\/04\/logo-isoleborromee.png\",\"width\":401,\"height\":91,\"caption\":\"Consorzio Motoscafisti Isole Borromee\"},\"image\":{\"@id\":\"https:\/\/www.isoleborromee.com\/es\/#\/schema\/logo\/image\/\"}},{\"@type\":\"WebSite\",\"@id\":\"https:\/\/www.isoleborromee.com\/es\/#website\",\"url\":\"https:\/\/www.isoleborromee.com\/es\/\",\"name\":\"Consorzio Motoscafisti delle Isole Borromee\",\"description\":\"\",\"publisher\":{\"@id\":\"https:\/\/www.isoleborromee.com\/es\/#organization\"},\"potentialAction\":[{\"@type\":\"SearchAction\",\"target\":{\"@type\":\"EntryPoint\",\"urlTemplate\":\"https:\/\/www.isoleborromee.com\/es\/?s={search_term_string}\"},\"query-input\":\"required name=search_term_string\"}],\"inLanguage\":\"es\"},{\"@type\":\"WebPage\",\"@id\":\"https:\/\/www.isoleborromee.com\/es\/contactos\/#webpage\",\"url\":\"https:\/\/www.isoleborromee.com\/es\/contactos\/\",\"name\":\"Contactos Consorcio de Conductores de Embarcaciones de las islas Borromeas, Stresa\",\"isPartOf\":{\"@id\":\"https:\/\/www.isoleborromee.com\/es\/#website\"},\"datePublished\":\"2022-05-05T12:19:28+00:00\",\"dateModified\":\"2022-06-09T09:33:05+00:00\",\"description\":\"P\u00f3ngase en contacto con nuestro equipo o rellena el formulario para solicitar informaci\u00f3n sobre nuestro servicio p\u00fablico de navegaci\u00f3n por el lago Maggiore\",\"breadcrumb\":{\"@id\":\"https:\/\/www.isoleborromee.com\/es\/contactos\/#breadcrumb\"},\"inLanguage\":\"es\",\"potentialAction\":[{\"@type\":\"ReadAction\",\"target\":[\"https:\/\/www.isoleborromee.com\/es\/contactos\/\"]}]},{\"@type\":\"BreadcrumbList\",\"@id\":\"https:\/\/www.isoleborromee.com\/es\/contactos\/#breadcrumb\",\"itemListElement\":[{\"@type\":\"ListItem\",\"position\":1,\"name\":\"Home\",\"item\":\"https:\/\/www.isoleborromee.com\/es\/\"},{\"@type\":\"ListItem\",\"position\":2,\"name\":\"Contactos\"}]}]}<\/script>\n<!-- \/ Yoast SEO plugin. -->","yoast_head_json":{"title":"Contactos Consorcio de Conductores de Embarcaciones de las islas Borromeas, Stresa","description":"P\u00f3ngase en contacto con nuestro equipo o rellena el formulario para solicitar informaci\u00f3n sobre nuestro servicio p\u00fablico de navegaci\u00f3n por el lago Maggiore","robots":{"index":"index","follow":"follow","max-snippet":"max-snippet:-1","max-image-preview":"max-image-preview:large","max-video-preview":"max-video-preview:-1"},"canonical":"https:\/\/www.isoleborromee.com\/es\/contactos\/","og_locale":"es_ES","og_type":"article","og_title":"Contactos Consorcio de Conductores de Embarcaciones de las islas Borromeas, Stresa","og_description":"P\u00f3ngase en contacto con nuestro equipo o rellena el formulario para solicitar informaci\u00f3n sobre nuestro servicio p\u00fablico de navegaci\u00f3n por el lago Maggiore","og_url":"https:\/\/www.isoleborromee.com\/es\/contactos\/","og_site_name":"Consorzio Motoscafisti delle Isole Borromee","article_publisher":"http:\/\/www.facebook.com\/NavigazioneIsoleBorromee","article_modified_time":"2022-06-09T09:33:05+00:00","twitter_card":"summary_large_image","twitter_misc":{"Tiempo de lectura":"1 minuto"},"schema":{"@context":"https:\/\/schema.org","@graph":[{"@type":"Organization","@id":"https:\/\/www.isoleborromee.com\/es\/#organization","name":"Consorzio Motoscafisti Isole Borromee","url":"https:\/\/www.isoleborromee.com\/es\/","sameAs":["http:\/\/www.youtube.com\/user\/ISOLEBORROMEE","http:\/\/www.tripadvisor.it\/Attraction_Review-g187847-d3738748-Reviews-Navigazione_Isole_Borromee_e_Lago_Maggiore_Day_Tours-Stresa_Lake_Maggiore_Piedmon.html","http:\/\/www.facebook.com\/NavigazioneIsoleBorromee"],"logo":{"@type":"ImageObject","inLanguage":"es","@id":"https:\/\/www.isoleborromee.com\/es\/#\/schema\/logo\/image\/","url":"https:\/\/www.isoleborromee.com\/wp-content\/uploads\/2022\/04\/logo-isoleborromee.png","contentUrl":"https:\/\/www.isoleborromee.com\/wp-content\/uploads\/2022\/04\/logo-isoleborromee.png","width":401,"height":91,"caption":"Consorzio Motoscafisti Isole Borromee"},"image":{"@id":"https:\/\/www.isoleborromee.com\/es\/#\/schema\/logo\/image\/"}},{"@type":"WebSite","@id":"https:\/\/www.isoleborromee.com\/es\/#website","url":"https:\/\/www.isoleborromee.com\/es\/","name":"Consorzio Motoscafisti delle Isole Borromee","description":"","publisher":{"@id":"https:\/\/www.isoleborromee.com\/es\/#organization"},"potentialAction":[{"@type":"SearchAction","target":{"@type":"EntryPoint","urlTemplate":"https:\/\/www.isoleborromee.com\/es\/?s={search_term_string}"},"query-input":"required name=search_term_string"}],"inLanguage":"es"},{"@type":"WebPage","@id":"https:\/\/www.isoleborromee.com\/es\/contactos\/#webpage","url":"https:\/\/www.isoleborromee.com\/es\/contactos\/","name":"Contactos Consorcio de Conductores de Embarcaciones de las islas Borromeas, Stresa","isPartOf":{"@id":"https:\/\/www.isoleborromee.com\/es\/#website"},"datePublished":"2022-05-05T12:19:28+00:00","dateModified":"2022-06-09T09:33:05+00:00","description":"P\u00f3ngase en contacto con nuestro equipo o rellena el formulario para solicitar informaci\u00f3n sobre nuestro servicio p\u00fablico de navegaci\u00f3n por el lago Maggiore","breadcrumb":{"@id":"https:\/\/www.isoleborromee.com\/es\/contactos\/#breadcrumb"},"inLanguage":"es","potentialAction":[{"@type":"ReadAction","target":["https:\/\/www.isoleborromee.com\/es\/contactos\/"]}]},{"@type":"BreadcrumbList","@id":"https:\/\/www.isoleborromee.com\/es\/contactos\/#breadcrumb","itemListElement":[{"@type":"ListItem","position":1,"name":"Home","item":"https:\/\/www.isoleborromee.com\/es\/"},{"@type":"ListItem","position":2,"name":"Contactos"}]}]}},"_links":{"self":[{"href":"https:\/\/www.isoleborromee.com\/es\/wp-json\/wp\/v2\/pages\/15430","targetHints":{"allow":["GET"]}}],"collection":[{"href":"https:\/\/www.isoleborromee.com\/es\/wp-json\/wp\/v2\/pages"}],"about":[{"href":"https:\/\/www.isoleborromee.com\/es\/wp-json\/wp\/v2\/types\/page"}],"author":[{"embeddable":true,"href":"https:\/\/www.isoleborromee.com\/es\/wp-json\/wp\/v2\/users\/1"}],"replies":[{"embeddable":true,"href":"https:\/\/www.isoleborromee.com\/es\/wp-json\/wp\/v2\/comments?post=15430"}],"version-history":[{"count":11,"href":"https:\/\/www.isoleborromee.com\/es\/wp-json\/wp\/v2\/pages\/15430\/revisions"}],"predecessor-version":[{"id":18018,"href":"https:\/\/www.isoleborromee.com\/es\/wp-json\/wp\/v2\/pages\/15430\/revisions\/18018"}],"wp:attachment":[{"href":"https:\/\/www.isoleborromee.com\/es\/wp-json\/wp\/v2\/media?parent=15430"}],"curies":[{"name":"wp","href":"https:\/\/api.w.org\/{rel}","templated":true}]}}